{"id":140,"date":"2013-03-26T23:34:47","date_gmt":"2013-03-26T21:34:47","guid":{"rendered":"http:\/\/drk-jugendladen-wedding.de\/wpjlw\/home-2\/"},"modified":"2024-04-12T21:08:50","modified_gmt":"2024-04-12T19:08:50","slug":"home-2","status":"publish","type":"page","link":"http:\/\/drk-jugendladen-wedding.de\/wpjlw\/","title":{"rendered":"Home"},"content":{"rendered":"<h2>Herzlich willkommen<\/h2>\n<h3>Unser neuer Imagefilm<\/h3>\n<div style=\"width: 240px;\" class=\"wp-video\"><!--[if lt IE 9]><script>document.createElement('video');<\/script><![endif]-->\n<video class=\"wp-video-shortcode\" id=\"video-140-1\" width=\"240\" height=\"424\" autoplay=\"1\" preload=\"auto\" controls=\"controls\"><source type=\"video\/mp4\" src=\"http:\/\/drk-jugendladen-wedding.de\/wpjlw\/wp-content\/uploads\/VID-20240109-WA0001.mp4?_=1\" \/><a href=\"http:\/\/drk-jugendladen-wedding.de\/wpjlw\/wp-content\/uploads\/VID-20240109-WA0001.mp4\">http:\/\/drk-jugendladen-wedding.de\/wpjlw\/wp-content\/uploads\/VID-20240109-WA0001.mp4<\/a><\/video><\/div>\n<p style=\"margin: 5.25pt 0cm; text-align: left;\"><span style=\"font-size: 14.0pt; font-family: 'Arial',sans-serif; color: #262626;\">W\u00fcrdest Du uns nicht nur \u201evirtuell im Internet\u201c, sondern in \u201eecht\u201c besuchen, h\u00e4tten wir Dich vor Corona mit einem pers\u00f6nlichen Handschlag begr\u00fc\u00dft. F\u00fcr unsere Besucher hat dies immer bedeutet: Du bist herzlich willkommen und Du geh\u00f6rst zu uns. Wir kennen Dich (wenn wir auch manchmal einen Namen vergessen) und wir vertrauen Dir. <\/span><\/p>\n<p style=\"margin: 5.25pt 0cm; text-align: left;\"><span style=\"font-size: 14.0pt; font-family: 'Arial',sans-serif; color: #262626;\">Seit dem Alptraum Corona ist leider alles anders geworden. Kein Handschlag mehr, keine Umarmung, sondern nur noch: Abstand, Maske und der ganze \u2026 . Leider m\u00fcssen wir daf\u00fcr sorgen, dass das alles eingehalten wird, und ihr k\u00f6nnt uns glauben: Das macht keine Laune und Spa\u00df sieht anders aus. <\/span><\/p>\n<p style=\"margin: 5.25pt 0cm; text-align: left;\"><span style=\"font-size: 14.0pt; font-family: 'Arial',sans-serif; color: #262626;\">Unsere Regeln (Au\u00dfer Corona-Regeln) sind \u00fcberschaubar: Vor allem keine Gewalt. Und wir erwarten gegenseitigen Respekt und Toleranz. Denn f\u00fcr alle Probleme und Konflikte hat uns Gott, Allah,\u00a0die Natur oder wer auch immer \u00a0mit einem Mund und der Sprache ausgestattet, um diese gemeinsam zu l\u00f6sen. Und gibt es doch mal rassistische oder sexistische \u00c4u\u00dferungen, werden diese gemeinsam problematisiert und diskutiert.<\/span><\/p>\n<p style=\"margin: 5.25pt 0cm; text-align: left;\"><span style=\"font-size: 14.0pt; font-family: 'Arial',sans-serif; color: #262626;\">Seit Jahren sind die Jugendlichen mit einer JuLeiCa (Jugendleiter-Card-Ausbildung) fester Bestandteil unserer Einrichtung und ein Mittel zur Mitverantwortung und Partizipation geworden. Gerade an den Kindertagen \u00fcbernehmen die \u201eGro\u00dfen\u201c viele Aufgaben und sind Vorbild und Multiplikatoren. Oft fragen schon die kleineren Kinder nach der M\u00f6glichkeit \u201ehier zu arbeiten\u201c. Daher ist bei uns nicht das \u201eGangster-Image\u201c Vorbild, sondern die vielen ehrenamtlichen Jugendlichen und ihr soziales Engagement und wir k\u00f6nnen uns inzwischen eine Arbeit ohne sie gar nicht mehr vorstellen.<\/span><\/p>\n<p style=\"margin: 5.25pt 0cm; text-align: left;\"><span style=\"font-size: 14.0pt; font-family: 'Arial',sans-serif; color: #262626;\">Das Team des Jugendladen Wedding<\/span><\/p>\n","protected":false},"excerpt":{"rendered":"<p>Herzlich willkommen Unser neuer Imagefilm W\u00fcrdest Du uns nicht nur \u201evirtuell im Internet\u201c, sondern in \u201eecht\u201c besuchen, h\u00e4tten wir Dich vor Corona mit einem pers\u00f6nlichen Handschlag begr\u00fc\u00dft. F\u00fcr unsere Besucher hat dies immer bedeutet: Du bist herzlich willkommen und Du geh\u00f6rst zu uns. Wir kennen Dich (wenn wir auch manchmal einen Namen vergessen) und wir [&hellip;]<\/p>\n","protected":false},"author":1,"featured_media":0,"parent":0,"menu_order":1,"comment_status":"open","ping_status":"closed","template":"","meta":{"footnotes":""},"_links":{"self":[{"href":"http:\/\/drk-jugendladen-wedding.de\/wpjlw\/wp-json\/wp\/v2\/pages\/140"}],"collection":[{"href":"http:\/\/drk-jugendladen-wedding.de\/wpjlw\/wp-json\/wp\/v2\/pages"}],"about":[{"href":"http:\/\/drk-jugendladen-wedding.de\/wpjlw\/wp-json\/wp\/v2\/types\/page"}],"author":[{"embeddable":true,"href":"http:\/\/drk-jugendladen-wedding.de\/wpjlw\/wp-json\/wp\/v2\/users\/1"}],"replies":[{"embeddable":true,"href":"http:\/\/drk-jugendladen-wedding.de\/wpjlw\/wp-json\/wp\/v2\/comments?post=140"}],"version-history":[{"count":163,"href":"http:\/\/drk-jugendladen-wedding.de\/wpjlw\/wp-json\/wp\/v2\/pages\/140\/revisions"}],"predecessor-version":[{"id":1173,"href":"http:\/\/drk-jugendladen-wedding.de\/wpjlw\/wp-json\/wp\/v2\/pages\/140\/revisions\/1173"}],"wp:attachment":[{"href":"http:\/\/drk-jugendladen-wedding.de\/wpjlw\/wp-json\/wp\/v2\/media?parent=140"}],"curies":[{"name":"wp","href":"https:\/\/api.w.org\/{rel}","templated":true}]}}