{"id":149,"date":"2013-03-26T23:34:52","date_gmt":"2013-03-26T21:34:52","guid":{"rendered":"http:\/\/drk-jugendladen-wedding.de\/wpjlw\/ueber-uns\/grundsatze\/"},"modified":"2013-04-04T14:17:23","modified_gmt":"2013-04-04T12:17:23","slug":"grundsatze","status":"publish","type":"page","link":"http:\/\/drk-jugendladen-wedding.de\/wpjlw\/ueber-uns\/grundsatze\/","title":{"rendered":"Grunds\u00e4tze"},"content":{"rendered":"<h2>Unsere Grunds\u00e4tze<\/h2>\n<p>Die Angebote des DRK-Jugendladen-Wedding richten sich an Kinder und Jugendliche im Alter zwischen 6 und 20 Jahren, die ihre Freizeit selbstbestimmt und in Gemeinschaft verbringen wollen. Wir f\u00f6rdern das interkulturelle Zusammenleben von Kindern und\u00a0Jugendlichen verschiedener Herkunft, Religions- und Kulturzugeh\u00f6rigkeit.<\/p>\n<p><strong>Lebensweltorientierung<\/strong><br \/>\nWir stellen pers\u00f6nliche Problemlagen und ihre famili\u00e4ren, sozialen und kulturellen Zusammenh\u00e4nge in den Mittelpunkt und orientieren uns an der Lebenswelt des Einzelnen.<\/p>\n<p><strong>Gleichberechtigung (Gender Mainstream)<\/strong><br \/>\nWir f\u00f6rdern Gleichbehandlung von M\u00e4dchen und Jungen, sowie Chancengleichheit von jungen Menschen beim Zugang zu Bildung und sozialen Kompetenzen.<\/p>\n<p><strong>Mitgestaltung (Partizipation)<\/strong><br \/>\nDie Besucher sind ma\u00dfgeblich an Planung, Organisation, Gestaltung und Auswertung der gemeinsamen Vorhaben beteiligt.<\/p>\n<p><strong>Hilfe zur Selbsthilfe<\/strong><br \/>\nWir st\u00e4rken Selbstorganisation und Eigeninitiative und unterst\u00fctzen die Entwicklung von alternativen<br \/>\nLebensperspektiven.<\/p>\n<p><strong>Integration<\/strong><br \/>\nWir unterst\u00fctzen und st\u00e4rken Individualit\u00e4t und \u201eAnders-Sein\u201c und f\u00fchren einen offenen Austausch mit anderen Kulturen. Wir engagieren uns gegen Diskriminierung, Rassismus und Sexismus.<\/p>\n<p><strong>Vernetzung<\/strong><br \/>\nWir kooperieren mit Initiativen gegen Gewalt und f\u00fcr Toleranz um nachhaltige Netzwerke zu unterst\u00fctzen.<\/p>\n<p><strong>Zivilcourage<\/strong><br \/>\nWir versuchen menschliche Werte wie Einf\u00fchlungsverm\u00f6gen, Toleranz, Hilfsbereitschaft und Gerechtigkeit, sowie Respekt und Akzeptanz vorzuleben und anzuregen.<\/p>\n<p><strong>Freir\u00e4ume<\/strong><br \/>\nWir bieten Kindern und Jugendlichen die Chance, sich in einem gewaltfreien und Geborgenheit bietenden Schutzraum zu begegnen.<\/p>\n<p>&nbsp;<\/p>\n","protected":false},"excerpt":{"rendered":"<p>Unsere Grunds\u00e4tze Die Angebote des DRK-Jugendladen-Wedding richten sich an Kinder und Jugendliche im Alter zwischen 6 und 20 Jahren, die ihre Freizeit selbstbestimmt und in Gemeinschaft verbringen wollen. Wir f\u00f6rdern das interkulturelle Zusammenleben von Kindern und\u00a0Jugendlichen verschiedener Herkunft, Religions- und Kulturzugeh\u00f6rigkeit. Lebensweltorientierung Wir stellen pers\u00f6nliche Problemlagen und ihre famili\u00e4ren, sozialen und kulturellen Zusammenh\u00e4nge in den [&hellip;]<\/p>\n","protected":false},"author":1,"featured_media":0,"parent":146,"menu_order":6,"comment_status":"closed","ping_status":"open","template":"","meta":{"footnotes":""},"_links":{"self":[{"href":"http:\/\/drk-jugendladen-wedding.de\/wpjlw\/wp-json\/wp\/v2\/pages\/149"}],"collection":[{"href":"http:\/\/drk-jugendladen-wedding.de\/wpjlw\/wp-json\/wp\/v2\/pages"}],"about":[{"href":"http:\/\/drk-jugendladen-wedding.de\/wpjlw\/wp-json\/wp\/v2\/types\/page"}],"author":[{"embeddable":true,"href":"http:\/\/drk-jugendladen-wedding.de\/wpjlw\/wp-json\/wp\/v2\/users\/1"}],"replies":[{"embeddable":true,"href":"http:\/\/drk-jugendladen-wedding.de\/wpjlw\/wp-json\/wp\/v2\/comments?post=149"}],"version-history":[{"count":3,"href":"http:\/\/drk-jugendladen-wedding.de\/wpjlw\/wp-json\/wp\/v2\/pages\/149\/revisions"}],"predecessor-version":[{"id":248,"href":"http:\/\/drk-jugendladen-wedding.de\/wpjlw\/wp-json\/wp\/v2\/pages\/149\/revisions\/248"}],"up":[{"embeddable":true,"href":"http:\/\/drk-jugendladen-wedding.de\/wpjlw\/wp-json\/wp\/v2\/pages\/146"}],"wp:attachment":[{"href":"http:\/\/drk-jugendladen-wedding.de\/wpjlw\/wp-json\/wp\/v2\/media?parent=149"}],"curies":[{"name":"wp","href":"https:\/\/api.w.org\/{rel}","templated":true}]}}