{"id":150,"date":"2013-03-26T23:34:53","date_gmt":"2013-03-26T21:34:53","guid":{"rendered":"http:\/\/drk-jugendladen-wedding.de\/wpjlw\/ueber-uns\/angebote\/"},"modified":"2013-04-04T14:11:46","modified_gmt":"2013-04-04T12:11:46","slug":"angebote","status":"publish","type":"page","link":"http:\/\/drk-jugendladen-wedding.de\/wpjlw\/ueber-uns\/angebote\/","title":{"rendered":"Angebote"},"content":{"rendered":"<h2>Unsere Angebote<\/h2>\n<p><strong>Offener Treff<\/strong><br \/>\nSpiel und Geselligkeit unter Freunden;<br \/>\nBillard, Kicker, Gesellschaftsspiele, Kinofilme, &#8230;<\/p>\n<p><strong>Gruppenarbeit<\/strong><br \/>\nMusik und Tanz, Zeichnen, Jonglieren, Experimente, &#8230;<\/p>\n<p><strong>Computerraum<\/strong><br \/>\nInternet und Netzwerkspiele, Hilfe bei Computerproblemen, Fotoaktionen, &#8230;<\/p>\n<p><strong>Sport<\/strong><br \/>\nRegelm\u00e4\u00dfiges Fu\u00dfballtraining und Fu\u00dfballturniere, Teilnahme an Marathonl\u00e4ufen, Basketball, Volleyball, Tischtennis, Boxen, &#8230;<\/p>\n<p><strong>Politische Jugendarbeit<\/strong><br \/>\nDiskussionen und Gespr\u00e4che \u00fcber poltische und kulturelle Themen, Teilnahme an Foren und Veranstaltungen, &#8230;<\/p>\n<p><strong>Das gesunde Kinder-Dinner<\/strong><br \/>\nAbenteuer Kochen mit und f\u00fcr Klein und Gro\u00df<\/p>\n<p><strong>M\u00e4dchentag<\/strong><br \/>\nW\u00f6chentlicher Girls-Day mit geschlechtsspezifischen Angeboten<\/p>\n<p><strong>Au\u00dfenaktivit\u00e4ten<\/strong><br \/>\nAusfl\u00fcge (Bowling, Schlittschuhlaufen, Kinobesuch, &#8230;)<\/p>\n<p><strong>Beratung und Hilfe<\/strong><br \/>\nbei Hausaufgaben, Bewerbungen, Problemen mit Beh\u00f6rden, Ausf\u00fcllen von Formularen, Gespr\u00e4che mit Eltern, Vermittlung an kompetente Organisationen, &#8230;<\/p>\n<p><strong>Kooperationen und Vernetzungen<\/strong><br \/>\nmit anderen Einrichtungen (Schulen, Bezirksamt Berlin-Mitte, Quartiersmanagement Pankstrasse, &#8230;)<\/p>\n<p>&nbsp;<\/p>\n<p>Alle Angebote werden zusammen mit unseren ehrenamtlichen Jugendlichen (Peerleader) organisiert und durchgef\u00fchrt. Diese Ehrenamtlichen haben erfolgreich einen Jugendgruppenleiterkurs (JuLeiCa) absolviert und somit p\u00e4dagogische Grundkenntnisse erworben.<\/p>\n","protected":false},"excerpt":{"rendered":"<p>Unsere Angebote Offener Treff Spiel und Geselligkeit unter Freunden; Billard, Kicker, Gesellschaftsspiele, Kinofilme, &#8230; Gruppenarbeit Musik und Tanz, Zeichnen, Jonglieren, Experimente, &#8230; Computerraum Internet und Netzwerkspiele, Hilfe bei Computerproblemen, Fotoaktionen, &#8230; Sport Regelm\u00e4\u00dfiges Fu\u00dfballtraining und Fu\u00dfballturniere, Teilnahme an Marathonl\u00e4ufen, Basketball, Volleyball, Tischtennis, Boxen, &#8230; Politische Jugendarbeit Diskussionen und Gespr\u00e4che \u00fcber poltische und kulturelle Themen, Teilnahme [&hellip;]<\/p>\n","protected":false},"author":1,"featured_media":0,"parent":146,"menu_order":7,"comment_status":"closed","ping_status":"open","template":"","meta":{"footnotes":""},"_links":{"self":[{"href":"http:\/\/drk-jugendladen-wedding.de\/wpjlw\/wp-json\/wp\/v2\/pages\/150"}],"collection":[{"href":"http:\/\/drk-jugendladen-wedding.de\/wpjlw\/wp-json\/wp\/v2\/pages"}],"about":[{"href":"http:\/\/drk-jugendladen-wedding.de\/wpjlw\/wp-json\/wp\/v2\/types\/page"}],"author":[{"embeddable":true,"href":"http:\/\/drk-jugendladen-wedding.de\/wpjlw\/wp-json\/wp\/v2\/users\/1"}],"replies":[{"embeddable":true,"href":"http:\/\/drk-jugendladen-wedding.de\/wpjlw\/wp-json\/wp\/v2\/comments?post=150"}],"version-history":[{"count":2,"href":"http:\/\/drk-jugendladen-wedding.de\/wpjlw\/wp-json\/wp\/v2\/pages\/150\/revisions"}],"predecessor-version":[{"id":245,"href":"http:\/\/drk-jugendladen-wedding.de\/wpjlw\/wp-json\/wp\/v2\/pages\/150\/revisions\/245"}],"up":[{"embeddable":true,"href":"http:\/\/drk-jugendladen-wedding.de\/wpjlw\/wp-json\/wp\/v2\/pages\/146"}],"wp:attachment":[{"href":"http:\/\/drk-jugendladen-wedding.de\/wpjlw\/wp-json\/wp\/v2\/media?parent=150"}],"curies":[{"name":"wp","href":"https:\/\/api.w.org\/{rel}","templated":true}]}}